{"id":117,"date":"2020-03-10T20:35:11","date_gmt":"2020-03-10T20:35:11","guid":{"rendered":"http:\/\/marcusbaumann.ch\/wp\/?page_id=117"},"modified":"2024-05-05T19:20:49","modified_gmt":"2024-05-05T18:20:49","slug":"dr-med-marcus-baumann","status":"publish","type":"page","link":"https:\/\/marcusbaumann.ch\/wp\/","title":{"rendered":"Dr. med. Marcus Baumann, D.O.M."},"content":{"rendered":"\n<p class=\"has-text-align-center\"> Physikalische Medizin &amp; Rehabilitation FMH<br>Manuelle Medizin SAMM &#8211; Sportmedizin SEMS<br>Interventionelle Schmerztherapie SSIPM<\/p>\n\n\n<div class=\"wp-block-image\">\n<figure class=\"aligncenter size-large is-resized\"><img loading=\"lazy\" decoding=\"async\" width=\"1024\" height=\"684\" src=\"https:\/\/marcusbaumann.ch\/wp\/wp-content\/uploads\/2023\/06\/53a2efb0-bf17-47e7-badf-76e97919bf47-1024x684.jpeg\" alt=\"\" class=\"wp-image-312\" style=\"width:622px;height:415px\" srcset=\"https:\/\/marcusbaumann.ch\/wp\/wp-content\/uploads\/2023\/06\/53a2efb0-bf17-47e7-badf-76e97919bf47-1024x684.jpeg 1024w, https:\/\/marcusbaumann.ch\/wp\/wp-content\/uploads\/2023\/06\/53a2efb0-bf17-47e7-badf-76e97919bf47-300x201.jpeg 300w, https:\/\/marcusbaumann.ch\/wp\/wp-content\/uploads\/2023\/06\/53a2efb0-bf17-47e7-badf-76e97919bf47-768x513.jpeg 768w, https:\/\/marcusbaumann.ch\/wp\/wp-content\/uploads\/2023\/06\/53a2efb0-bf17-47e7-badf-76e97919bf47.jpeg 1200w\" sizes=\"auto, (max-width: 709px) 85vw, (max-width: 909px) 67vw, (max-width: 1362px) 62vw, 840px\" \/><\/figure>\n<\/div>\n\n\n<p><\/p>\n\n\n\n<p class=\"has-text-align-center\"><strong>Medizin am Bewegungsapparat von Kopf bis Fuss aus einer Hand<\/strong><\/p>\n\n\n\n<p class=\"has-drop-cap has-text-align-left\">Belastungen im Alltag und Sport k\u00f6nnen intakte Systeme aus dem Gleichgewicht bringen und schmerzhafte \u00dcberlastungen ausl\u00f6sen. Ich untersuche aktive Menschen und stelle Funktionen mit gezielten Handgriffen wieder her. Mit einem f\u00e4cher\u00fcbergreifenden Denken und Handeln der modernen Medizin ist mein Handwerk der konservativen Orthop\u00e4die ein hilfreiches Bindeglied zwischen der ger\u00e4tegest\u00fctzten Diagnostik und den operativen Disziplinen. <\/p>\n\n\n\n<p><\/p>\n\n\n\n<p><strong>F\u00e4cher\u00fcbergreifendes<\/strong> <strong>Leistungsangebot<\/strong><br><br>\u2022\u00a0Diagnostik und Behandlung am Bewegungsapparat<br>\u2022\u00a0Konservative Orthop\u00e4die (Arthrosen, R\u00fcckenschmerzen, Diskushernien)<br>\u2022\u00a0Sportmedizin speziell Sportrehabilitation (Trainingsberatung, Coaching)<br>\u2022\u00a0Manuelle Medizin &#8211; Osteopathische Medizin<br>\u2022\u00a0Neuro-Muskuloskelettale und posturale Rehabilitation<br>\u2022\u00a0Infiltrationen an der Wirbels\u00e4ule und Gelenken unter Bildkontrolle<br>\u2022\u00a0R\u00f6ntgen und Labordiagnostik<br>\u2022\u00a0Belegarzt Merian Iselin Klinik f\u00fcr Orthop\u00e4die und Chirurgie<br>\u2022\u00a0Regionales und nationales Netzwerk<\/p>\n","protected":false},"excerpt":{"rendered":"<p>Physikalische Medizin &amp; Rehabilitation FMHManuelle Medizin SAMM &#8211; Sportmedizin SEMSInterventionelle Schmerztherapie SSIPM Medizin am Bewegungsapparat von Kopf bis Fuss aus einer Hand Belastungen im Alltag und Sport k\u00f6nnen intakte Systeme aus dem Gleichgewicht bringen und schmerzhafte \u00dcberlastungen ausl\u00f6sen. Ich untersuche aktive Menschen und stelle Funktionen mit gezielten Handgriffen wieder her. Mit einem f\u00e4cher\u00fcbergreifenden Denken und &hellip; <a href=\"https:\/\/marcusbaumann.ch\/wp\/\" class=\"more-link\"><span class=\"screen-reader-text\">\u201eDr. med. Marcus Baumann, D.O.M.\u201c<\/span> weiterlesen<\/a><\/p>\n","protected":false},"author":1,"featured_media":0,"parent":0,"menu_order":0,"comment_status":"closed","ping_status":"closed","template":"","meta":{"footnotes":""},"class_list":["post-117","page","type-page","status-publish","hentry"],"_links":{"self":[{"href":"https:\/\/marcusbaumann.ch\/wp\/index.php?rest_route=\/wp\/v2\/pages\/117","targetHints":{"allow":["GET"]}}],"collection":[{"href":"https:\/\/marcusbaumann.ch\/wp\/index.php?rest_route=\/wp\/v2\/pages"}],"about":[{"href":"https:\/\/marcusbaumann.ch\/wp\/index.php?rest_route=\/wp\/v2\/types\/page"}],"author":[{"embeddable":true,"href":"https:\/\/marcusbaumann.ch\/wp\/index.php?rest_route=\/wp\/v2\/users\/1"}],"replies":[{"embeddable":true,"href":"https:\/\/marcusbaumann.ch\/wp\/index.php?rest_route=%2Fwp%2Fv2%2Fcomments&post=117"}],"version-history":[{"count":26,"href":"https:\/\/marcusbaumann.ch\/wp\/index.php?rest_route=\/wp\/v2\/pages\/117\/revisions"}],"predecessor-version":[{"id":381,"href":"https:\/\/marcusbaumann.ch\/wp\/index.php?rest_route=\/wp\/v2\/pages\/117\/revisions\/381"}],"wp:attachment":[{"href":"https:\/\/marcusbaumann.ch\/wp\/index.php?rest_route=%2Fwp%2Fv2%2Fmedia&parent=117"}],"curies":[{"name":"wp","href":"https:\/\/api.w.org\/{rel}","templated":true}]}}